{"id":1806,"date":"2020-07-23T09:14:05","date_gmt":"2020-07-23T06:14:05","guid":{"rendered":"http:\/\/niyazikizilyurek.com\/main-page\/"},"modified":"2021-02-16T11:27:23","modified_gmt":"2021-02-16T09:27:23","slug":"main-page","status":"publish","type":"page","link":"https:\/\/niyazikizilyurek.com\/en\/","title":{"rendered":"Main Page"},"content":{"rendered":"<div class=\"wpb-content-wrapper\"><p>[vc_row wrap_container=&#8221;yes&#8221; el_class=&#8221;custom-position-1 custom-call-to-action&#8221; css=&#8221;.vc_custom_1545454999426{padding-bottom: 20px !important;}&#8221;][vc_column width=&#8221;1\/3&#8243; offset=&#8221;vc_col-lg-6 vc_col-md-8 vc_col-xs-12&#8243; css=&#8221;.vc_custom_1593768887142{padding-left: 30px !important;}&#8221;][vc_custom_heading text=&#8221;European Parliament&#8221; font_container=&#8221;tag:h2|font_size:25|text_align:left|color:%23ffffff|line_height:23px&#8221; google_fonts=&#8221;font_family:Sintony%3Aregular%2C700|font_style:400%20regular%3A400%3Anormal&#8221; el_class=&#8221;custom-hyphen&#8221; css=&#8221;.vc_custom_1594190107448{margin-top: 1px !important;margin-bottom: 3px !important;padding-left: 21px !important;}&#8221; link=&#8221;url:https%3A%2F%2Fwww.europarl.europa.eu%2Fmeps%2Fen%2F197415%2FNIYAZI_KIZILYUREK%2Fhome|target:%20_blank|&#8221;][vc_custom_heading text=&#8221;European United Left\/ Nordic Green Left GUE \/ NGL&#8221; font_container=&#8221;tag:h2|font_size:18px|text_align:left|color:%23ffffff|line_height:37px&#8221; use_theme_fonts=&#8221;yes&#8221; css=&#8221;.vc_custom_1594190206766{margin-bottom: 0px !important;}&#8221; link=&#8221;url:https%3A%2F%2Fwww.guengl.eu%2Fpeople%2Fniyazi-kizilyurek%2F|target:%20_blank|&#8221;][\/vc_column][vc_column width=&#8221;1\/3&#8243; offset=&#8221;vc_col-lg-3 vc_col-md-2 vc_col-xs-12&#8243; el_class=&#8221;m-t-md ml-5-min-992&#8243; css=&#8221;.vc_custom_1593768977069{padding-left: 40px !important;}&#8221;][vc_column_text css=&#8221;.vc_custom_1593605763808{border-left-width: 2px !important;padding-left: 10px !important;border-left-color: #4dbb6d !important;border-left-style: solid !important;}&#8221; el_class=&#8221;custom-line-height-23&#8243;]<a class=\"text-decoration-none\" style=\"line-height: 20px;\" href=\"tel:+905391049333\">Phone Number <span class=\"action-info d-block text-color-light\">+90 539 104 93 33<\/span><\/a>[\/vc_column_text][\/vc_column][vc_column width=&#8221;1\/3&#8243; offset=&#8221;vc_col-lg-3 vc_col-md-2 vc_col-xs-12&#8243; el_class=&#8221;m-t-md ml-5-min-992&#8243;][vc_column_text css=&#8221;.vc_custom_1593605648147{border-left-width: 2px !important;padding-left: 10px !important;border-left-color: #4dbb6d !important;border-left-style: solid !important;}&#8221; el_class=&#8221;custom-line-height-22&#8243;]<a class=\"text-decoration-none\" href=\"mail:info@niyazikizilyurek.com\">E-mail Address <span class=\"action-info d-block text-color-light\">info@niyazikizilyurek.com<\/span><\/a>[\/vc_column_text][\/vc_column][\/vc_row][vc_row wrap_container=&#8221;yes&#8221; css=&#8221;.vc_custom_1528969702599{margin-top: 15px !important;margin-bottom: 40px !important;padding-top: 60px !important;}&#8221;][vc_column width=&#8221;1\/2&#8243;][vc_custom_heading text=&#8221;- Who is Niyazi K\u0131z\u0131ly\u00fcrek?&#8221; font_container=&#8221;tag:h2|text_align:left|line_height:42px&#8221; use_theme_fonts=&#8221;yes&#8221; el_class=&#8221;font-weight-bold&#8221; css=&#8221;.vc_custom_1593607379393{margin-bottom: 15px !important;}&#8221;][vc_column_text css=&#8221;.vc_custom_1594726627647{margin-bottom: 20px !important;padding-left: 20px !important;}&#8221;]Prof. Dr. Niyazi K\u0131z\u0131ly\u00fcrek, 7 Aral\u0131k 1959\u2019da bar\u0131\u015f i\u00e7inde ya\u015fayan iki toplumun g\u00fczel bir \u00f6rne\u011fi olan Bodamya k\u00f6y\u00fcnde do\u011far. 1964 y\u0131l\u0131n\u0131n ba\u015f\u0131nda toplumlararas\u0131 \u00e7at\u0131\u015fmalar nedeniyle ailesi ile birlikte y\u00fcr\u00fcyerek Luricina\u2019ya g\u00f6\u00e7 eder.<\/p>\n<p>1974\u2019te Argaca k\u00f6y\u00fcne yerle\u015fir ve Liseyi Omorfo\u2019da bitirir. 1977 y\u0131l\u0131nda y\u00fcksek \u00f6\u011frenim i\u00e7in Bat\u0131 Almanya\u2019ya gider. Bremen \u00dcniversitesi\u2019nde Sosyal Bilimler, Politika ve Ekonomi e\u011fitimi al\u0131r, y\u00fcksek Lisans ve Doktoras\u0131n\u0131 tamamlar.\u00a0<strong>K\u0131br\u0131s Sorununda \u0130\u00e7 ve D\u0131\u015f Etkenler<\/strong> ba\u015fl\u0131kl\u0131 ilk kitab\u0131n\u0131 1983 y\u0131l\u0131nda yay\u0131nlayarak, K\u0131br\u0131s\u2019ta bar\u0131\u015fa ve karde\u015fli\u011fe adar.\u00a0<a href=\"http:\/\/new.niyazikizilyurek.com\/niyazi-kizilyurek-kimdir\/\">Daha Fazlas\u0131<\/a>[\/vc_column_text][\/vc_column][vc_column width=&#8221;1\/2&#8243; el_class=&#8221;custom-counters-column&#8221; css=&#8221;.vc_custom_1484904385121{margin-top: 35px !important;}&#8221;][vc_row_inner][vc_column_inner width=&#8221;1\/2&#8243; css=&#8221;.vc_custom_1485263686475{padding-top: 30px !important;padding-right: 30px !important;padding-left: 60px !important;background-color: #ffffff !important;}&#8221;]<div class=\"stats-block stats-left   wpb_custom_a517333ace5b1666c6af8bd4684f1de9\"><div class=\"porto-sicon-left\"><div class=\"porto-just-icon-wrapper porto-icon none\" style=\"color:#333333;font-size:32px;\"><i class=\"Simple-Line-Icons-book-open\"><\/i><\/div><\/div><div class=\"stats-desc\"><div id=\"counter_7463731666a095802c5577\" data-id=\"counter_7463731666a095802c5577\" class=\"stats-number\" style=\" font-size:45px;color:#4dbb6d;\" data-speed=\"3\" data-counter-value=\"30\" data-separator=\",\" data-decimal=\".\">0<\/div><div class=\"counter_suffix mycust\" style=\" font-size:45px;color:#4dbb6d\">+<\/div><div class=\"stats-text\" style=\"color:#1e1e24;\">Yaz\u0131lan Kitap<\/div><\/div><\/div>[\/vc_column_inner][vc_column_inner width=&#8221;1\/2&#8243; css=&#8221;.vc_custom_1484901463613{border-left-width: 1px !important;padding-top: 30px !important;padding-right: 30px !important;padding-left: 30px !important;border-left-color: #dadada !important;border-left-style: solid !important;}&#8221;]<div class=\"stats-block stats-left   wpb_custom_a517333ace5b1666c6af8bd4684f1de9\"><div class=\"porto-sicon-left\"><div class=\"porto-just-icon-wrapper porto-icon none\" style=\"color:#333333;font-size:32px;\"><i class=\"Simple-Line-Icons-note\"><\/i><\/div><\/div><div class=\"stats-desc\"><div id=\"counter_2745524016a095802c5728\" data-id=\"counter_2745524016a095802c5728\" class=\"stats-number\" style=\" font-size:45px;color:#4dbb6d;\" data-speed=\"3\" data-counter-value=\"35\" data-separator=\"none\" data-decimal=\".\">0<\/div><div class=\"counter_suffix mycust\" style=\" font-size:45px;color:#4dbb6d\">+<\/div><div class=\"stats-text\" style=\"color:#1e1e24;\">Bilimsel Yay\u0131n<\/div><\/div><\/div>[\/vc_column_inner][\/vc_row_inner][vc_row_inner css=&#8221;.vc_custom_1484901812976{border-top-width: 1px !important;border-top-color: #dadada !important;border-top-style: solid !important;}&#8221;][vc_column_inner width=&#8221;1\/2&#8243; css=&#8221;.vc_custom_1484901956433{padding-top: 30px !important;padding-right: 30px !important;padding-left: 60px !important;}&#8221;]<div class=\"stats-block stats-left   wpb_custom_a517333ace5b1666c6af8bd4684f1de9\"><div class=\"porto-sicon-left\"><div class=\"porto-just-icon-wrapper porto-icon none\" style=\"color:#333333;font-size:32px;\"><i class=\"Simple-Line-Icons-pencil\"><\/i><\/div><\/div><div class=\"stats-desc\"><div id=\"counter_13957099266a095802c5873\" data-id=\"counter_13957099266a095802c5873\" class=\"stats-number\" style=\" font-size:45px;color:#4dbb6d;\" data-speed=\"3\" data-counter-value=\"800\" data-separator=\",\" data-decimal=\".\">0<\/div><div class=\"counter_suffix mycust\" style=\" font-size:45px;color:#4dbb6d\">+<\/div><div class=\"stats-text\" style=\"color:#1e1e24;\">K\u00f6\u015fe Yaz\u0131s\u0131<\/div><\/div><\/div>[\/vc_column_inner][vc_column_inner width=&#8221;1\/2&#8243; css=&#8221;.vc_custom_1484902254004{border-left-width: 1px !important;padding-top: 30px !important;padding-right: 30px !important;padding-left: 30px !important;background-color: #ffffff !important;border-left-color: #dadada !important;border-left-style: solid !important;}&#8221;]<div class=\"stats-block stats-left   wpb_custom_a517333ace5b1666c6af8bd4684f1de9\"><div class=\"porto-sicon-left\"><div class=\"porto-just-icon-wrapper porto-icon none\" style=\"color:#333333;font-size:32px;\"><i class=\"Simple-Line-Icons-bubbles\"><\/i><\/div><\/div><div class=\"stats-desc\"><div id=\"counter_410123586a095802c5998\" data-id=\"counter_410123586a095802c5998\" class=\"stats-number\" style=\" font-size:45px;color:#4dbb6d;\" data-speed=\"3\" data-counter-value=\"50\" data-separator=\",\" data-decimal=\".\">0<\/div><div class=\"counter_suffix mycust\" style=\" font-size:45px;color:#4dbb6d\">+<\/div><div class=\"stats-text\" style=\"color:#1e1e24;\">Yap\u0131lan Seminer<\/div><\/div><\/div>[\/vc_column_inner][\/vc_row_inner][\/vc_column][\/vc_row][vc_row css=&#8221;.vc_custom_1528969875641{background-color: #eef4f2 !important;}&#8221; el_class=&#8221;p-t-xxl no-padding&#8221;][vc_column]<div class=\"porto-container container \">[vc_custom_heading text=&#8221;- Books&#8221; font_container=&#8221;tag:h2|text_align:left|line_height:42px&#8221; use_theme_fonts=&#8221;yes&#8221; el_class=&#8221;font-weight-bold&#8221; css=&#8221;.vc_custom_1594386675178{margin-bottom: 20px !important;}&#8221;]<\/div><div class=\"porto-recent-portfolios full wpb_content_element custom-dots-style-1 custom-xs-arrows-style-2 custom-both-sides-shadow  wpb_custom_b5ba7e135c7294c68d4a3742b6b69339\">\r\n\t\r\n\t\r\n\t<div class=\"portfolio-carousel porto-carousel owl-carousel has-ccols ccols-1 ccols-lg-6 ccols-md-3 ccols-sm-2\" data-plugin-options=\"{&quot;themeConfig&quot;:true,&quot;lg&quot;:6,&quot;md&quot;:3,&quot;sm&quot;:2}\">\r\n\t<div class=\"portfolio-slide\">\t<div class=\"portfolio-item full\">\r\n\t\t<a class=\"text-decoration-none\" href=\"https:\/\/niyazikizilyurek.com\/en\/books\/baris-mezarligi-2022\/\">\r\n\t\t\t<span class=\"thumb-info thumb-info-no-borders thumb-info-lighten thumb-info-centered-icons\">\r\n\t\t\t\t<span class=\"thumb-info-wrapper\">\r\n\t\t\t\t\t<img loading=\"lazy\" decoding=\"async\" class=\"img-responsive\" width=\"367\" height=\"367\" src=\"https:\/\/niyazikizilyurek.com\/wp-content\/uploads\/2023\/10\/niyazi-kizilyurek-in-baris-mezarligi-kitabi-cikti-367x367.png\" alt=\"\" \/>\r\n\t\t\t\t\t\t\t\t\t\t\t<span class=\"thumb-info-title\">\r\n\t\t\t\t\t\t\t<span class=\"thumb-info-inner\">Bar\u0131\u015f Mezarl\u0131\u011f\u0131 (2022)<\/span>\r\n\t\t\t\t\t\t\t\t\t\t\t\t\t<\/span>\r\n\t\t\t\t\t\t\t\t\t\t\t\t\t\t\t\t\t<span class=\"thumb-info-action\">\r\n\t\t\t\t\t\t\t\t\t\t\t\t\t\t\t\t\t\t\t\t\t\t<span class=\"thumb-info-action-icon thumb-info-action-icon-light thumb-info-zoom zoom\" data-src=\"https:\/\/niyazikizilyurek.com\/wp-content\/uploads\/2023\/10\/niyazi-kizilyurek-in-baris-mezarligi-kitabi-cikti.png\" data-title=\"\"><i class=\"fas fa-search\"><\/i><\/span>\r\n\t\t\t\t\t\t\t\t\t\t\t\t\t<\/span>\r\n\t\t\t\t\t\t\t\t\t<\/span>\r\n\t\t\t<\/span>\r\n\t\t\t\t\t\t\r\n\t\t\t\t\t<\/a>\r\n\t<\/div>\r\n\t<\/div><div class=\"portfolio-slide\">\t<div class=\"portfolio-item full\">\r\n\t\t<a class=\"text-decoration-none\" href=\"https:\/\/niyazikizilyurek.com\/en\/books\/ulus-kacagi-2020\/\">\r\n\t\t\t<span class=\"thumb-info thumb-info-no-borders thumb-info-lighten thumb-info-centered-icons\">\r\n\t\t\t\t<span class=\"thumb-info-wrapper\">\r\n\t\t\t\t\t<img loading=\"lazy\" decoding=\"async\" class=\"img-responsive\" width=\"367\" height=\"367\" src=\"https:\/\/niyazikizilyurek.com\/wp-content\/uploads\/2020\/07\/Ulus-Ka\u00e7a\u011f\u0131-367x367.jpg\" alt=\"\" \/>\r\n\t\t\t\t\t\t\t\t\t\t\t<span class=\"thumb-info-title\">\r\n\t\t\t\t\t\t\t<span class=\"thumb-info-inner\">Ulus Ka\u00e7a\u011f\u0131 (2020)<\/span>\r\n\t\t\t\t\t\t\t\t\t\t\t\t\t<\/span>\r\n\t\t\t\t\t\t\t\t\t\t\t\t\t\t\t\t\t<span class=\"thumb-info-action\">\r\n\t\t\t\t\t\t\t\t\t\t\t\t\t\t\t\t\t\t\t\t\t\t<span class=\"thumb-info-action-icon thumb-info-action-icon-light thumb-info-zoom zoom\" data-src=\"https:\/\/niyazikizilyurek.com\/wp-content\/uploads\/2020\/07\/Ulus-Ka\u00e7a\u011f\u0131.jpg\" data-title=\"\"><i class=\"fas fa-search\"><\/i><\/span>\r\n\t\t\t\t\t\t\t\t\t\t\t\t\t<\/span>\r\n\t\t\t\t\t\t\t\t\t<\/span>\r\n\t\t\t<\/span>\r\n\t\t\t\t\t\t\r\n\t\t\t\t\t<\/a>\r\n\t<\/div>\r\n\t<\/div><div class=\"portfolio-slide\">\t<div class=\"portfolio-item full\">\r\n\t\t<a class=\"text-decoration-none\" href=\"https:\/\/niyazikizilyurek.com\/en\/books\/neden-federal-devlet-2018\/\">\r\n\t\t\t<span class=\"thumb-info thumb-info-no-borders thumb-info-lighten thumb-info-centered-icons\">\r\n\t\t\t\t<span class=\"thumb-info-wrapper\">\r\n\t\t\t\t\t<img loading=\"lazy\" decoding=\"async\" class=\"img-responsive\" width=\"367\" height=\"367\" src=\"https:\/\/niyazikizilyurek.com\/wp-content\/uploads\/2020\/07\/Neden-Federal-Devlet-1-367x367.jpg\" alt=\"\" \/>\r\n\t\t\t\t\t\t\t\t\t\t\t<span class=\"thumb-info-title\">\r\n\t\t\t\t\t\t\t<span class=\"thumb-info-inner\">Neden Federal Devlet (2018)<\/span>\r\n\t\t\t\t\t\t\t\t\t\t\t\t\t<\/span>\r\n\t\t\t\t\t\t\t\t\t\t\t\t\t\t\t\t\t<span class=\"thumb-info-action\">\r\n\t\t\t\t\t\t\t\t\t\t\t\t\t\t\t\t\t\t\t\t\t\t<span class=\"thumb-info-action-icon thumb-info-action-icon-light thumb-info-zoom zoom\" data-src=\"https:\/\/niyazikizilyurek.com\/wp-content\/uploads\/2020\/07\/Neden-Federal-Devlet-1.jpg\" data-title=\"\"><i class=\"fas fa-search\"><\/i><\/span>\r\n\t\t\t\t\t\t\t\t\t\t\t\t\t<\/span>\r\n\t\t\t\t\t\t\t\t\t<\/span>\r\n\t\t\t<\/span>\r\n\t\t\t\t\t\t\r\n\t\t\t\t\t<\/a>\r\n\t<\/div>\r\n\t<\/div><div class=\"portfolio-slide\">\t<div class=\"portfolio-item full\">\r\n\t\t<a class=\"text-decoration-none\" href=\"https:\/\/niyazikizilyurek.com\/en\/books\/kayip-ozne-2018\/\">\r\n\t\t\t<span class=\"thumb-info thumb-info-no-borders thumb-info-lighten thumb-info-centered-icons\">\r\n\t\t\t\t<span class=\"thumb-info-wrapper\">\r\n\t\t\t\t\t<img loading=\"lazy\" decoding=\"async\" class=\"img-responsive\" width=\"367\" height=\"367\" src=\"https:\/\/niyazikizilyurek.com\/wp-content\/uploads\/2020\/07\/Kay\u0131p-\u00d6zne-367x367.jpg\" alt=\"\" \/>\r\n\t\t\t\t\t\t\t\t\t\t\t<span class=\"thumb-info-title\">\r\n\t\t\t\t\t\t\t<span class=\"thumb-info-inner\">Kay\u0131p \u00d6zne (2018)<\/span>\r\n\t\t\t\t\t\t\t\t\t\t\t\t\t<\/span>\r\n\t\t\t\t\t\t\t\t\t\t\t\t\t\t\t\t\t<span class=\"thumb-info-action\">\r\n\t\t\t\t\t\t\t\t\t\t\t\t\t\t\t\t\t\t\t\t\t\t<span class=\"thumb-info-action-icon thumb-info-action-icon-light thumb-info-zoom zoom\" data-src=\"https:\/\/niyazikizilyurek.com\/wp-content\/uploads\/2020\/07\/Kay\u0131p-\u00d6zne.jpg\" data-title=\"\"><i class=\"fas fa-search\"><\/i><\/span>\r\n\t\t\t\t\t\t\t\t\t\t\t\t\t<\/span>\r\n\t\t\t\t\t\t\t\t\t<\/span>\r\n\t\t\t<\/span>\r\n\t\t\t\t\t\t\r\n\t\t\t\t\t<\/a>\r\n\t<\/div>\r\n\t<\/div><div class=\"portfolio-slide\">\t<div class=\"portfolio-item full\">\r\n\t\t<a class=\"text-decoration-none\" href=\"https:\/\/niyazikizilyurek.com\/en\/books\/bir-hinc-ve-siddet-tarihi-2016\/\">\r\n\t\t\t<span class=\"thumb-info thumb-info-no-borders thumb-info-lighten thumb-info-centered-icons\">\r\n\t\t\t\t<span class=\"thumb-info-wrapper\">\r\n\t\t\t\t\t<img loading=\"lazy\" decoding=\"async\" class=\"img-responsive\" width=\"367\" height=\"367\" src=\"https:\/\/niyazikizilyurek.com\/wp-content\/uploads\/2020\/07\/Bir-H\u0131n\u00e7-ve-\u015eiddet-Tarihi-367x367.jpg\" alt=\"\" \/>\r\n\t\t\t\t\t\t\t\t\t\t\t<span class=\"thumb-info-title\">\r\n\t\t\t\t\t\t\t<span class=\"thumb-info-inner\">Bir H\u0131n\u00e7 ve \u015eiddet Tarihi (2016)<\/span>\r\n\t\t\t\t\t\t\t\t\t\t\t\t\t<\/span>\r\n\t\t\t\t\t\t\t\t\t\t\t\t\t\t\t\t\t<span class=\"thumb-info-action\">\r\n\t\t\t\t\t\t\t\t\t\t\t\t\t\t\t\t\t\t\t\t\t\t<span class=\"thumb-info-action-icon thumb-info-action-icon-light thumb-info-zoom zoom\" data-src=\"https:\/\/niyazikizilyurek.com\/wp-content\/uploads\/2020\/07\/Bir-H\u0131n\u00e7-ve-\u015eiddet-Tarihi.jpg\" data-title=\"\"><i class=\"fas fa-search\"><\/i><\/span>\r\n\t\t\t\t\t\t\t\t\t\t\t\t\t<\/span>\r\n\t\t\t\t\t\t\t\t\t<\/span>\r\n\t\t\t<\/span>\r\n\t\t\t\t\t\t\r\n\t\t\t\t\t<\/a>\r\n\t<\/div>\r\n\t<\/div><div class=\"portfolio-slide\">\t<div class=\"portfolio-item full\">\r\n\t\t<a class=\"text-decoration-none\" href=\"https:\/\/niyazikizilyurek.com\/en\/books\/siddet-mevsiminin-sakli-tarihi-2015\/\">\r\n\t\t\t<span class=\"thumb-info thumb-info-no-borders thumb-info-lighten thumb-info-centered-icons\">\r\n\t\t\t\t<span class=\"thumb-info-wrapper\">\r\n\t\t\t\t\t<img loading=\"lazy\" decoding=\"async\" class=\"img-responsive\" width=\"367\" height=\"367\" src=\"https:\/\/niyazikizilyurek.com\/wp-content\/uploads\/2020\/07\/\u015eiddet-Mevsiminin-Sakl\u0131-Tarihi-367x367.jpg\" alt=\"\" \/>\r\n\t\t\t\t\t\t\t\t\t\t\t<span class=\"thumb-info-title\">\r\n\t\t\t\t\t\t\t<span class=\"thumb-info-inner\">\u015eiddet Mevsiminin Sakl\u0131 Tarihi (2015)<\/span>\r\n\t\t\t\t\t\t\t\t\t\t\t\t\t<\/span>\r\n\t\t\t\t\t\t\t\t\t\t\t\t\t\t\t\t\t<span class=\"thumb-info-action\">\r\n\t\t\t\t\t\t\t\t\t\t\t\t\t\t\t\t\t\t\t\t\t\t<span class=\"thumb-info-action-icon thumb-info-action-icon-light thumb-info-zoom zoom\" data-src=\"https:\/\/niyazikizilyurek.com\/wp-content\/uploads\/2020\/07\/\u015eiddet-Mevsiminin-Sakl\u0131-Tarihi.jpg\" data-title=\"\"><i class=\"fas fa-search\"><\/i><\/span>\r\n\t\t\t\t\t\t\t\t\t\t\t\t\t<\/span>\r\n\t\t\t\t\t\t\t\t\t<\/span>\r\n\t\t\t<\/span>\r\n\t\t\t\t\t\t\r\n\t\t\t\t\t<\/a>\r\n\t<\/div>\r\n\t<\/div><div class=\"portfolio-slide\">\t<div class=\"portfolio-item full\">\r\n\t\t<a class=\"text-decoration-none\" href=\"https:\/\/niyazikizilyurek.com\/en\/books\/kibrisli-rum-solcular-kibrisi-nasil-dusunduler-2015\/\">\r\n\t\t\t<span class=\"thumb-info thumb-info-no-borders thumb-info-lighten thumb-info-centered-icons\">\r\n\t\t\t\t<span class=\"thumb-info-wrapper\">\r\n\t\t\t\t\t<img loading=\"lazy\" decoding=\"async\" class=\"img-responsive\" width=\"367\" height=\"367\" src=\"https:\/\/niyazikizilyurek.com\/wp-content\/uploads\/2020\/07\/K\u0131br\u0131sl\u0131-Rum-Solcular-367x367.jpg\" alt=\"\" \/>\r\n\t\t\t\t\t\t\t\t\t\t\t<span class=\"thumb-info-title\">\r\n\t\t\t\t\t\t\t<span class=\"thumb-info-inner\">K\u0131br\u0131sl\u0131 Rum Solcular: K\u0131br\u0131s\u2019\u0131 Nas\u0131l D\u00fc\u015f\u00fcnd\u00fcler (2015)<\/span>\r\n\t\t\t\t\t\t\t\t\t\t\t\t\t<\/span>\r\n\t\t\t\t\t\t\t\t\t\t\t\t\t\t\t\t\t<span class=\"thumb-info-action\">\r\n\t\t\t\t\t\t\t\t\t\t\t\t\t\t\t\t\t\t\t\t\t\t<span class=\"thumb-info-action-icon thumb-info-action-icon-light thumb-info-zoom zoom\" data-src=\"https:\/\/niyazikizilyurek.com\/wp-content\/uploads\/2020\/07\/K\u0131br\u0131sl\u0131-Rum-Solcular.jpg\" data-title=\"\"><i class=\"fas fa-search\"><\/i><\/span>\r\n\t\t\t\t\t\t\t\t\t\t\t\t\t<\/span>\r\n\t\t\t\t\t\t\t\t\t<\/span>\r\n\t\t\t<\/span>\r\n\t\t\t\t\t\t\r\n\t\t\t\t\t<\/a>\r\n\t<\/div>\r\n\t<\/div><div class=\"portfolio-slide\">\t<div class=\"portfolio-item full\">\r\n\t\t<a class=\"text-decoration-none\" href=\"https:\/\/niyazikizilyurek.com\/en\/books\/yorgos-vasiliou-dune-ve-yarina-dair-dusunceler-2014\/\">\r\n\t\t\t<span class=\"thumb-info thumb-info-no-borders thumb-info-lighten thumb-info-centered-icons\">\r\n\t\t\t\t<span class=\"thumb-info-wrapper\">\r\n\t\t\t\t\t<img loading=\"lazy\" decoding=\"async\" class=\"img-responsive\" width=\"367\" height=\"367\" src=\"https:\/\/niyazikizilyurek.com\/wp-content\/uploads\/2020\/07\/Yorgos-Vasiliou-1-367x367.jpg\" alt=\"\" \/>\r\n\t\t\t\t\t\t\t\t\t\t\t<span class=\"thumb-info-title\">\r\n\t\t\t\t\t\t\t<span class=\"thumb-info-inner\">Yorgos Vasiliou: D\u00fcne ve Yar\u0131na Dair D\u00fc\u015f\u00fcnceler (2014)<\/span>\r\n\t\t\t\t\t\t\t\t\t\t\t\t\t<\/span>\r\n\t\t\t\t\t\t\t\t\t\t\t\t\t\t\t\t\t<span class=\"thumb-info-action\">\r\n\t\t\t\t\t\t\t\t\t\t\t\t\t\t\t\t\t\t\t\t\t\t<span class=\"thumb-info-action-icon thumb-info-action-icon-light thumb-info-zoom zoom\" data-src=\"https:\/\/niyazikizilyurek.com\/wp-content\/uploads\/2020\/07\/Yorgos-Vasiliou-1.jpg\" data-title=\"\"><i class=\"fas fa-search\"><\/i><\/span>\r\n\t\t\t\t\t\t\t\t\t\t\t\t\t<\/span>\r\n\t\t\t\t\t\t\t\t\t<\/span>\r\n\t\t\t<\/span>\r\n\t\t\t\t\t\t\r\n\t\t\t\t\t<\/a>\r\n\t<\/div>\r\n\t<\/div>\t<\/div>\r\n\r\n\t\r\n\t<\/div>[\/vc_column][\/vc_row][vc_row wrap_container=&#8221;yes&#8221; css=&#8221;.vc_custom_1558982072374{margin-top: 50px !important;}&#8221; el_class=&#8221;m-b-none&#8221;][vc_column el_class=&#8221;m-b-none&#8221;][vc_custom_heading text=&#8221;- News&#8221; font_container=&#8221;tag:h2|text_align:left|line_height:42px&#8221; use_theme_fonts=&#8221;yes&#8221; el_class=&#8221;font-weight-bold&#8221; css=&#8221;.vc_custom_1593697604085{margin-bottom: 20px !important;}&#8221;][\/vc_column][\/vc_row][vc_row][vc_column]<div class=\"porto-modal-input-wrapper \"><div data-trigger-id=\"https:\/\/www.youtube.com\/watch?v=fkNuY5qGSYc\" data-type=\"iframe\" class=\"porto-modal-trigger porto-onload\" data-overlay-class=\"mfp-fade\" data-timeout=\"1000\"><\/div><\/div><div id=\"https:\/\/www.youtube.com\/watch?v=fkNuY5qGSYc\" class=\"mfp-hide \"><div class=\"porto-modal-content\"><\/div><\/div>[\/vc_column][\/vc_row]<\/p>\n<\/div>","protected":false},"excerpt":{"rendered":"<p>[vc_row wrap_container=&#8221;yes&#8221; el_class=&#8221;custom-position-1 custom-call-to-action&#8221; css=&#8221;.vc_custom_1545454999426{padding-bottom: 20px !important;}&#8221;][vc_column width=&#8221;1\/3&#8243; offset=&#8221;vc_col-lg-6 vc_col-md-8 vc_col-xs-12&#8243; css=&#8221;.vc_custom_1593768887142{padding-left: 30px !important;}&#8221;][vc_custom_heading text=&#8221;European Parliament&#8221; font_container=&#8221;tag:h2|font_size:25|text_align:left|color:%23ffffff|line_height:23px&#8221; google_fonts=&#8221;font_family:Sintony%3Aregular%2C700|font_style:400%20regular%3A400%3Anormal&#8221; el_class=&#8221;custom-hyphen&#8221; css=&#8221;.vc_custom_1594190107448{margin-top: 1px !important;margin-bottom: 3px !important;padding-left: 21px !important;}&#8221; link=&#8221;url:https%3A%2F%2Fwww.europarl.europa.eu%2Fmeps%2Fen%2F197415%2FNIYAZI_KIZILYUREK%2Fhome|target:%20_blank|&#8221;][vc_custom_heading text=&#8221;European United Left\/ Nordic Green Left GUE \/ NGL&#8221; font_container=&#8221;tag:h2|font_size:18px|text_align:left|color:%23ffffff|line_height:37px&#8221; use_theme_fonts=&#8221;yes&#8221; css=&#8221;.vc_custom_1594190206766{margin-bottom: 0px !important;}&#8221; link=&#8221;url:https%3A%2F%2Fwww.guengl.eu%2Fpeople%2Fniyazi-kizilyurek%2F|target:%20_blank|&#8221;][\/vc_column][vc_column width=&#8221;1\/3&#8243; offset=&#8221;vc_col-lg-3 vc_col-md-2 vc_col-xs-12&#8243; el_class=&#8221;m-t-md ml-5-min-992&#8243; css=&#8221;.vc_custom_1593768977069{padding-left: 40px !important;}&#8221;][vc_column_text css=&#8221;.vc_custom_1593605763808{border-left-width: 2px !important;padding-left: 10px [&hellip;]<\/p>\n","protected":false},"author":1,"featured_media":0,"parent":0,"menu_order":0,"comment_status":"closed","ping_status":"closed","template":"","meta":{"footnotes":""},"class_list":["post-1806","page","type-page","status-publish","hentry"],"_links":{"self":[{"href":"https:\/\/niyazikizilyurek.com\/en\/wp-json\/wp\/v2\/pages\/1806","targetHints":{"allow":["GET"]}}],"collection":[{"href":"https:\/\/niyazikizilyurek.com\/en\/wp-json\/wp\/v2\/pages"}],"about":[{"href":"https:\/\/niyazikizilyurek.com\/en\/wp-json\/wp\/v2\/types\/page"}],"author":[{"embeddable":true,"href":"https:\/\/niyazikizilyurek.com\/en\/wp-json\/wp\/v2\/users\/1"}],"replies":[{"embeddable":true,"href":"https:\/\/niyazikizilyurek.com\/en\/wp-json\/wp\/v2\/comments?post=1806"}],"version-history":[{"count":7,"href":"https:\/\/niyazikizilyurek.com\/en\/wp-json\/wp\/v2\/pages\/1806\/revisions"}],"predecessor-version":[{"id":2220,"href":"https:\/\/niyazikizilyurek.com\/en\/wp-json\/wp\/v2\/pages\/1806\/revisions\/2220"}],"wp:attachment":[{"href":"https:\/\/niyazikizilyurek.com\/en\/wp-json\/wp\/v2\/media?parent=1806"}],"curies":[{"name":"wp","href":"https:\/\/api.w.org\/{rel}","templated":true}]}}